{"id":2784,"date":"2021-03-10T09:58:52","date_gmt":"2021-03-10T05:58:52","guid":{"rendered":"https:\/\/www.pandabio.az\/?post_type=product&#038;p=2784"},"modified":"2021-03-10T09:58:52","modified_gmt":"2021-03-10T05:58:52","slug":"silikon-klaviatura-mediacom","status":"publish","type":"product","link":"https:\/\/www.pandabio.az\/en\/store\/silikon-klaviatura-mediacom\/","title":{"rendered":"Silikon Klaviatura &#8211; Mediacom"},"content":{"rendered":"","protected":false},"excerpt":{"rendered":"<p>\u0130kinci \u0259l &#8211; yeni<\/p>\n<table cellspacing=\"0\" cellpadding=\"0\">\n<tbody>\n<tr>\n<td>Marka<\/td>\n<td>Mediacom<\/td>\n<\/tr>\n<tr>\n<td>Material<\/td>\n<td>Silikon<\/td>\n<\/tr>\n<tr>\n<td>Qo\u015fulma<\/td>\n<td>USB<\/td>\n<\/tr>\n<tr>\n<td>D\u00fcym\u0259<\/td>\n<td>103<\/td>\n<\/tr>\n<tr>\n<td>R\u0259ng<\/td>\n<td>Qara<\/td>\n<\/tr>\n<tr>\n<td>\u018flav\u0259 Funksiya<\/td>\n<td>Led \u0130\u015f\u0131q<\/td>\n<\/tr>\n<\/tbody>\n<\/table>","protected":false},"featured_media":2785,"comment_status":"open","ping_status":"closed","template":"","meta":[],"product_cat":[308,28],"product_tag":[],"_links":{"self":[{"href":"https:\/\/www.pandabio.az\/en\/wp-json\/wp\/v2\/product\/2784"}],"collection":[{"href":"https:\/\/www.pandabio.az\/en\/wp-json\/wp\/v2\/product"}],"about":[{"href":"https:\/\/www.pandabio.az\/en\/wp-json\/wp\/v2\/types\/product"}],"replies":[{"embeddable":true,"href":"https:\/\/www.pandabio.az\/en\/wp-json\/wp\/v2\/comments?post=2784"}],"wp:featuredmedia":[{"embeddable":true,"href":"https:\/\/www.pandabio.az\/en\/wp-json\/wp\/v2\/media\/2785"}],"wp:attachment":[{"href":"https:\/\/www.pandabio.az\/en\/wp-json\/wp\/v2\/media?parent=2784"}],"wp:term":[{"taxonomy":"product_cat","embeddable":true,"href":"https:\/\/www.pandabio.az\/en\/wp-json\/wp\/v2\/product_cat?post=2784"},{"taxonomy":"product_tag","embeddable":true,"href":"https:\/\/www.pandabio.az\/en\/wp-json\/wp\/v2\/product_tag?post=2784"}],"curies":[{"name":"wp","href":"https:\/\/api.w.org\/{rel}","templated":true}]}}