{"id":3095,"date":"2021-04-01T14:30:11","date_gmt":"2021-04-01T10:30:11","guid":{"rendered":"https:\/\/www.pandabio.az\/?post_type=product&#038;p=3095"},"modified":"2021-04-01T14:45:29","modified_gmt":"2021-04-01T10:45:29","slug":"noutbuk-ucun-keys-morca","status":"publish","type":"product","link":"https:\/\/www.pandabio.az\/en\/store\/noutbuk-ucun-keys-morca\/","title":{"rendered":"Noutbuk \u00fc\u00e7\u00fcn Keys &#8211; Morca"},"content":{"rendered":"","protected":false},"excerpt":{"rendered":"<p><strong>Yeni<\/strong><\/p>\n<table cellspacing=\"0\" cellpadding=\"0\">\n<tbody>\n<tr>\n<td>Marka<\/td>\n<td>Morca<\/td>\n<\/tr>\n<tr>\n<td>\u0130stehsal\u00e7\u0131 \u00f6lk\u0259<\/td>\n<td>T\u00fcrkiy\u0259<\/td>\n<\/tr>\n<tr>\n<td>Cihazlar<\/td>\n<td>Noutbuk v\u0259 plan\u015fet<\/td>\n<\/tr>\n<tr>\n<td>\u00d6l\u00e7\u00fc<\/td>\n<td>15&#8243;-17&#8243;<\/td>\n<\/tr>\n<tr>\n<td>Material<\/td>\n<td>D\u0259ri<\/td>\n<\/tr>\n<tr>\n<td>R\u0259ng<\/td>\n<td>Qara<\/td>\n<\/tr>\n<tr>\n<td>X\u00fcsusiyy\u0259tl\u0259r<\/td>\n<td>Ultra Slim<\/td>\n<\/tr>\n<\/tbody>\n<\/table>","protected":false},"featured_media":3096,"comment_status":"open","ping_status":"closed","template":"","meta":[],"product_cat":[308,218,28],"product_tag":[],"_links":{"self":[{"href":"https:\/\/www.pandabio.az\/en\/wp-json\/wp\/v2\/product\/3095"}],"collection":[{"href":"https:\/\/www.pandabio.az\/en\/wp-json\/wp\/v2\/product"}],"about":[{"href":"https:\/\/www.pandabio.az\/en\/wp-json\/wp\/v2\/types\/product"}],"replies":[{"embeddable":true,"href":"https:\/\/www.pandabio.az\/en\/wp-json\/wp\/v2\/comments?post=3095"}],"wp:featuredmedia":[{"embeddable":true,"href":"https:\/\/www.pandabio.az\/en\/wp-json\/wp\/v2\/media\/3096"}],"wp:attachment":[{"href":"https:\/\/www.pandabio.az\/en\/wp-json\/wp\/v2\/media?parent=3095"}],"wp:term":[{"taxonomy":"product_cat","embeddable":true,"href":"https:\/\/www.pandabio.az\/en\/wp-json\/wp\/v2\/product_cat?post=3095"},{"taxonomy":"product_tag","embeddable":true,"href":"https:\/\/www.pandabio.az\/en\/wp-json\/wp\/v2\/product_tag?post=3095"}],"curies":[{"name":"wp","href":"https:\/\/api.w.org\/{rel}","templated":true}]}}