{"id":2380,"date":"2021-03-01T18:24:31","date_gmt":"2021-03-01T14:24:31","guid":{"rendered":"https:\/\/www.pandabio.az\/?post_type=product&#038;p=2380"},"modified":"2021-03-08T14:05:21","modified_gmt":"2021-03-08T10:05:21","slug":"mac-mini","status":"publish","type":"product","link":"https:\/\/www.pandabio.az\/ru\/store\/mac-mini\/","title":{"rendered":"Kompyuter &#8211; Mac Mini"},"content":{"rendered":"","protected":false},"excerpt":{"rendered":"<p><strong>\u0130kinci \u0259l &#8211; orta v\u0259ziyy\u0259td\u0259<\/strong><\/p>\n<table cellspacing=\"0\" cellpadding=\"0\">\n<tbody>\n<tr>\n<td>Marka<\/td>\n<td>Apple<\/td>\n<\/tr>\n<tr>\n<td>Model<\/td>\n<td>Mac Mini<\/td>\n<\/tr>\n<tr>\n<td>Prosessor<\/td>\n<td>1.83 GHz Intel Core 2 Duo<\/td>\n<\/tr>\n<tr>\n<td>Operativ Yadda\u015f (RAM)<\/td>\n<td>2 GB 667 MHz DDR2 SDRAM<\/td>\n<\/tr>\n<tr>\n<td>Qrafik<\/td>\n<td>\u0130ntel CMA 950 64 MB<\/td>\n<\/tr>\n<tr>\n<td>\u018fm\u0259liyyat Sistemi<\/td>\n<td>Mac OS x Lion 10.7<\/td>\n<\/tr>\n<tr>\n<td>Burax\u0131l\u0131\u015f \u0130li<\/td>\n<td>2007<\/td>\n<\/tr>\n<tr>\n<td>Daxili Yadda\u015f<\/td>\n<td>256 GB<\/td>\n<\/tr>\n<tr>\n<td>Daxili Yadda\u015f N\u00f6v\u00fc<\/td>\n<td>SSD<\/td>\n<\/tr>\n<\/tbody>\n<\/table>","protected":false},"featured_media":2636,"comment_status":"open","ping_status":"closed","template":"","meta":[],"product_cat":[214,210,28],"product_tag":[],"_links":{"self":[{"href":"https:\/\/www.pandabio.az\/ru\/wp-json\/wp\/v2\/product\/2380"}],"collection":[{"href":"https:\/\/www.pandabio.az\/ru\/wp-json\/wp\/v2\/product"}],"about":[{"href":"https:\/\/www.pandabio.az\/ru\/wp-json\/wp\/v2\/types\/product"}],"replies":[{"embeddable":true,"href":"https:\/\/www.pandabio.az\/ru\/wp-json\/wp\/v2\/comments?post=2380"}],"wp:featuredmedia":[{"embeddable":true,"href":"https:\/\/www.pandabio.az\/ru\/wp-json\/wp\/v2\/media\/2636"}],"wp:attachment":[{"href":"https:\/\/www.pandabio.az\/ru\/wp-json\/wp\/v2\/media?parent=2380"}],"wp:term":[{"taxonomy":"product_cat","embeddable":true,"href":"https:\/\/www.pandabio.az\/ru\/wp-json\/wp\/v2\/product_cat?post=2380"},{"taxonomy":"product_tag","embeddable":true,"href":"https:\/\/www.pandabio.az\/ru\/wp-json\/wp\/v2\/product_tag?post=2380"}],"curies":[{"name":"wp","href":"https:\/\/api.w.org\/{rel}","templated":true}]}}